{"id":170,"date":"2025-01-14T19:13:22","date_gmt":"2025-01-14T19:13:22","guid":{"rendered":"https:\/\/patroniymolina.com\/?page_id=170"},"modified":"2025-01-14T20:35:24","modified_gmt":"2025-01-14T20:35:24","slug":"170-2","status":"publish","type":"page","link":"https:\/\/patroniymolina.com\/?page_id=170","title":{"rendered":"Solicitar Cotizaci\u00f3n"},"content":{"rendered":"\n<hr class=\"wp-block-separator has-alpha-channel-opacity\"\/>\n\n\n\n<p><\/p>\n\n\n\n<h2 class=\"wp-block-heading has-text-align-center has-text-color has-link-color has-poppins-font-family wp-elements-d87f558f32a06984fc9341dcdebf8b3f\" style=\"color:#0c2457\"><strong>Solicitar Cotizaci\u00f3n<\/strong><\/h2>\n\n\n\n<p class=\"has-text-color has-link-color wp-elements-c162bdbf992f809304370cdb78bc8e20\" style=\"color:#0c2457\">Por favor, completa el siguiente formulario con la informaci\u00f3n necesaria para brindarte una <mark style=\"background-color:rgba(0, 0, 0, 0);color:#fc5f00\" class=\"has-inline-color\">cotizaci\u00f3n personalizada<\/mark>. Nuestro equipo revisar\u00e1 tu solicitud y se pondr\u00e1 en contacto contigo a la brevedad.<\/p>\n\n\n\n<hr class=\"wp-block-separator has-alpha-channel-opacity\"\/>\n\n\n\n<p><\/p>\n\n\n\n<div class=\"forminator-guttenberg\"><div class=\"forminator-ui forminator-custom-form forminator-custom-form-169 forminator-design--default  forminator_ajax\" data-forminator-render=\"0\" data-form=\"forminator-module-169\" data-uid=\"69e10d6f86396\"><br\/><\/div><form\n\t\t\t\tid=\"forminator-module-169\"\n\t\t\t\tclass=\"forminator-ui forminator-custom-form forminator-custom-form-169 forminator-design--default  forminator_ajax\"\n\t\t\t\tmethod=\"post\"\n\t\t\t\tdata-forminator-render=\"0\"\n\t\t\t\tdata-form-id=\"169\"\n\t\t\t\t\n\t\t\t\tdata-design=\"default\"\n\t\t\t\t\n\t\t\t\t\n\t\t\t\t\n\t\t\t\tdata-grid=\"open\"\n\t\t\t\tenctype=\"multipart\/form-data\"\n\t\t\t\t\n\t\t\t\tstyle=\"display: none;\"\n\t\t\t\t\n\t\t\t\tdata-uid=\"69e10d6f86396\"\n\t\t\t><div role=\"alert\" aria-live=\"polite\" class=\"forminator-response-message forminator-error\" aria-hidden=\"true\"><\/div><div class=\"forminator-row\"><div id=\"name-1\" class=\"forminator-field-name forminator-col forminator-col-6 \"><div class=\"forminator-field\"><label for=\"forminator-field-name-1_69e10d6f86396\" id=\"forminator-field-name-1_69e10d6f86396-label\" class=\"forminator-label\">Nombre <span class=\"forminator-required\">*<\/span><\/label><input type=\"text\" name=\"name-1\" value=\"\" placeholder=\"Juan\" id=\"forminator-field-name-1_69e10d6f86396\" class=\"forminator-input forminator-name--field\" aria-required=\"true\" \/><\/div><\/div><div id=\"name-2\" class=\"forminator-field-name forminator-col forminator-col-6 \"><div class=\"forminator-field\"><label for=\"forminator-field-name-2_69e10d6f86396\" id=\"forminator-field-name-2_69e10d6f86396-label\" class=\"forminator-label\">Apellido <span class=\"forminator-required\">*<\/span><\/label><input type=\"text\" name=\"name-2\" value=\"\" placeholder=\"Perez\" id=\"forminator-field-name-2_69e10d6f86396\" class=\"forminator-input forminator-name--field\" aria-required=\"true\" \/><\/div><\/div><\/div><div class=\"forminator-row\"><div id=\"email-1\" class=\"forminator-field-email forminator-col forminator-col-6 \"><div class=\"forminator-field\"><label for=\"forminator-field-email-1_69e10d6f86396\" id=\"forminator-field-email-1_69e10d6f86396-label\" class=\"forminator-label\">Email <span class=\"forminator-required\">*<\/span><\/label><input type=\"email\" name=\"email-1\" value=\"\" placeholder=\"juan@gmail.com\" id=\"forminator-field-email-1_69e10d6f86396\" class=\"forminator-input forminator-email--field\" data-required=\"true\" aria-required=\"true\" \/><\/div><\/div><div id=\"phone-1\" class=\"forminator-field-phone forminator-col forminator-col-6 \"><div class=\"forminator-field\"><label for=\"forminator-field-phone-1_69e10d6f86396\" id=\"forminator-field-phone-1_69e10d6f86396-label\" class=\"forminator-label\">Tel\u00e9fono<\/label><input type=\"text\" name=\"phone-1\" value=\"\" placeholder=\"123 456 789\" id=\"forminator-field-phone-1_69e10d6f86396\" class=\"forminator-input forminator-field--phone\" data-required=\"\" aria-required=\"false\" autocomplete=\"off\" \/><\/div><\/div><\/div><div class=\"forminator-row\"><div id=\"name-3\" class=\"forminator-field-name forminator-col forminator-col-12 \"><div class=\"forminator-field\"><label for=\"forminator-field-name-3_69e10d6f86396\" id=\"forminator-field-name-3_69e10d6f86396-label\" class=\"forminator-label\">Nombre de la empresa <span class=\"forminator-required\">*<\/span><\/label><input type=\"text\" name=\"name-3\" value=\"\" placeholder=\"Empresa\" id=\"forminator-field-name-3_69e10d6f86396\" class=\"forminator-input forminator-name--field\" aria-required=\"true\" \/><\/div><\/div><\/div><div class=\"forminator-row\"><div id=\"address-1\" class=\"forminator-field-address forminator-col forminator-col-12 \"><div class=\"forminator-row\" data-multiple=\"false\"><div id=\"address-1-city\" class=\"forminator-col forminator-col-12\"><div class=\"forminator-field\"><label for=\"forminator-field-address-1-city_69e10d6f86396\" id=\"forminator-field-address-1-city_69e10d6f86396-label\" class=\"forminator-label\">Colonia<\/label><input type=\"text\" name=\"address-1-city\" placeholder=\"Centro\" id=\"forminator-field-address-1-city_69e10d6f86396\" class=\"forminator-input\" data-required=\"\" aria-required=\"false\" value=\"\" \/><\/div><\/div><\/div><\/div><\/div><div class=\"forminator-row\"><div id=\"select-1\" class=\"forminator-field-select forminator-col forminator-col-6 \"><div class=\"forminator-field\"><label for=\"forminator-form-169__field--select-1_69e10d6f86396\" id=\"forminator-form-169__field--select-1_69e10d6f86396-label\" class=\"forminator-label\">Tipo de servicio requerido<\/label><select  id=\"forminator-form-169__field--select-1_69e10d6f86396\" class=\"forminator-select--field forminator-select2 forminator-select2-multiple\" data-required=\"\" name=\"select-1\" data-default-value=\"\" data-hidden-behavior=\"zero\" data-placeholder=\"\" data-search=\"false\" data-search-placeholder=\"\" data-checkbox=\"false\" data-allow-clear=\"false\" aria-labelledby=\"forminator-form-169__field--select-1_69e10d6f86396-label\"><option value=\"one\"  data-calculation=\"0\">Mantenimiento<\/option><option value=\"two\"  data-calculation=\"0\">Electricidad<\/option><option value=\"Pintura\"  data-calculation=\"0\">Pintura<\/option><\/select><\/div><\/div><div id=\"date-1\" class=\"forminator-field-date forminator-col forminator-col-6 \"><div class=\"forminator-field\"><label for=\"forminator-field-date-1-picker_69e10d6f86396\" id=\"forminator-field-date-1-picker_69e10d6f86396-label\" class=\"forminator-label\">Fecha deseada para el servicio<\/label><div class=\"forminator-input-with-icon\"><span class=\"forminator-icon-calendar\" aria-hidden=\"true\"><\/span><input autocomplete=\"off\" type=\"text\" size=\"1\" name=\"date-1\" value=\"\" placeholder=\"Selecciona fecha\" id=\"forminator-field-date-1-picker_69e10d6f86396\" class=\"forminator-input forminator-datepicker\" data-required=\"\" data-format=\"dd\/mm\/yy\" data-restrict-type=\"\" data-restrict=\"\" data-start-year=\"1926\" data-end-year=\"2126\" data-past-dates=\"enable\" data-start-of-week=\"1\" data-start-date=\"\" data-end-date=\"\" data-start-field=\"\" data-end-field=\"\" data-start-offset=\"\" data-end-offset=\"\" data-disable-date=\"\" data-disable-range=\"\" \/><\/div><\/div><\/div><\/div><div class=\"forminator-row\"><div id=\"textarea-2\" class=\"forminator-field-textarea forminator-col forminator-col-12 \"><div class=\"forminator-field\"><label for=\"forminator-field-textarea-2_69e10d6f86396\" id=\"forminator-field-textarea-2_69e10d6f86396-label\" class=\"forminator-label\">Descripci\u00f3n del proyecto<\/label><textarea name=\"textarea-2\" placeholder=\"Descripci\u00f3n del proyecto o necesidad\" id=\"forminator-field-textarea-2_69e10d6f86396\" class=\"forminator-textarea\" rows=\"6\" style=\"min-height:140px;\" ><\/textarea><\/div><\/div><\/div><div class=\"forminator-row\"><div id=\"number-1\" class=\"forminator-field-number forminator-col forminator-col-12 \"><div class=\"forminator-field\"><label for=\"forminator-field-number-1_69e10d6f86396\" id=\"forminator-field-number-1_69e10d6f86396-label\" class=\"forminator-label\">Presupuesto estimado (Pesos Mexicanos)<\/label><input name=\"number-1\" value=\"\" placeholder=\"10000\" id=\"forminator-field-number-1_69e10d6f86396\" class=\"forminator-input forminator-number--field\" inputmode=\"decimal\" data-required=\"\" data-decimals=\"0\" aria-required=\"false\" data-inputmask=\"&#039;groupSeparator&#039;: &#039;,&#039;, &#039;radixPoint&#039;: &#039;&#039;, &#039;digits&#039;: &#039;0&#039;\" data-hidden-behavior=\"zero\" \/><\/div><\/div><\/div><div class=\"forminator-row\"><div id=\"upload-1\" class=\"forminator-field-upload forminator-col forminator-col-12 \"><div class=\"forminator-field\"><label for=\"forminator-field-upload-1_69e10d6f86396\" id=\"forminator-field-upload-1_69e10d6f86396-label\" class=\"forminator-label\">Adjuntar archivo<\/label><div class=\"forminator-file-upload \" data-element=\"upload-1_69e10d6f86396\" aria-describedby=\"forminator-field-upload-1_69e10d6f86396-description\"><input type=\"file\" name=\"upload-1\" id=\"forminator-field-upload-1_69e10d6f86396\" class=\"forminator-input-file\" accept=\".jpg,.jpeg,.jpe,.gif,.png,.bmp,.tiff,.tif,.webp,.avif,.ico,.heic,.heif,.heics,.heifs,.asf,.asx,.wmv,.wmx,.wm,.avi,.divx,.flv,.mov,.qt,.mpeg,.mpg,.mpe,.mp4,.m4v,.ogv,.webm,.mkv,.3gp,.3gpp,.3g2,.3gp2,.txt,.asc,.c,.cc,.h,.srt,.csv,.tsv,.ics,.rtx,.vtt,.mp3,.m4a,.m4b,.aac,.ra,.ram,.wav,.ogg,.oga,.flac,.mid,.midi,.wma,.wax,.mka,.rtf,.pdf,.class,.tar,.zip,.gz,.gzip,.rar,.7z,.psd,.xcf,.doc,.pot,.pps,.ppt,.wri,.xla,.xls,.xlt,.xlw,.mdb,.mpp,.docx,.docm,.dotx,.dotm,.xlsx,.xlsm,.xlsb,.xltx,.xltm,.xlam,.pptx,.pptm,.ppsx,.ppsm,.potx,.potm,.ppam,.sldx,.sldm,.onetoc,.onetoc2,.onetmp,.onepkg,.oxps,.xps,.odt,.odp,.ods,.odg,.odc,.odb,.odf,.wp,.wpd,.key,.numbers,.pages\"><button id=\"forminator-field-upload-1_69e10d6f86396_button\" class=\"forminator-button forminator-button-upload\" data-id=\"forminator-field-upload-1_69e10d6f86396\">Choose File<\/button><span data-empty-text=\"No file chosen\">No file chosen<\/span><button class=\"forminator-button-delete\" style=\"display: none;\"><i class=\"forminator-icon-close\" aria-hidden=\"true\"><\/i><span class=\"forminator-screen-reader-only\">Delete uploaded file<\/span><\/button><\/div><span id=\"forminator-field-upload-1_69e10d6f86396-description\" class=\"forminator-description\">Para subir planos, fotos o documentos relevantes.<\/span><\/div><\/div><\/div><input type=\"hidden\" name=\"referer_url\" value=\"\" \/><div class=\"forminator-row forminator-row-last\"><div class=\"forminator-col\"><div class=\"forminator-field\"><button class=\"forminator-button forminator-button-submit\">Solicitar cotizaci&oacute;n<\/button><\/div><\/div><\/div><input type=\"hidden\" id=\"forminator_nonce\" name=\"forminator_nonce\" value=\"576d519434\" \/><input type=\"hidden\" name=\"_wp_http_referer\" value=\"\/index.php?rest_route=%2Fwp%2Fv2%2Fpages%2F170\" \/><input type=\"hidden\" name=\"form_id\" value=\"169\"><input type=\"hidden\" name=\"page_id\" value=\"170\"><input type=\"hidden\" name=\"form_type\" value=\"default\"><input type=\"hidden\" name=\"current_url\" value=\"https:\/\/patroniymolina.com\/?page_id=170\"><input type=\"hidden\" name=\"render_id\" value=\"0\"><input type=\"hidden\" name=\"action\" value=\"forminator_submit_form_custom-forms\"><\/form><\/div>\n\n\n\n<p><\/p>\n","protected":false},"excerpt":{"rendered":"<p>Solicitar Cotizaci\u00f3n Por favor, completa el siguiente formulario con la informaci\u00f3n necesaria para brindarte una cotizaci\u00f3n personalizada. Nuestro equipo revisar\u00e1 tu solicitud y se pondr\u00e1 en contacto contigo a la brevedad.<\/p>\n","protected":false},"author":1,"featured_media":0,"parent":0,"menu_order":0,"comment_status":"closed","ping_status":"closed","template":"","meta":{"footnotes":""},"class_list":["post-170","page","type-page","status-publish","hentry"],"_links":{"self":[{"href":"https:\/\/patroniymolina.com\/index.php?rest_route=\/wp\/v2\/pages\/170","targetHints":{"allow":["GET"]}}],"collection":[{"href":"https:\/\/patroniymolina.com\/index.php?rest_route=\/wp\/v2\/pages"}],"about":[{"href":"https:\/\/patroniymolina.com\/index.php?rest_route=\/wp\/v2\/types\/page"}],"author":[{"embeddable":true,"href":"https:\/\/patroniymolina.com\/index.php?rest_route=\/wp\/v2\/users\/1"}],"replies":[{"embeddable":true,"href":"https:\/\/patroniymolina.com\/index.php?rest_route=%2Fwp%2Fv2%2Fcomments&post=170"}],"version-history":[{"count":5,"href":"https:\/\/patroniymolina.com\/index.php?rest_route=\/wp\/v2\/pages\/170\/revisions"}],"predecessor-version":[{"id":222,"href":"https:\/\/patroniymolina.com\/index.php?rest_route=\/wp\/v2\/pages\/170\/revisions\/222"}],"wp:attachment":[{"href":"https:\/\/patroniymolina.com\/index.php?rest_route=%2Fwp%2Fv2%2Fmedia&parent=170"}],"curies":[{"name":"wp","href":"https:\/\/api.w.org\/{rel}","templated":true}]}}