{"id":22,"date":"2025-01-12T01:06:36","date_gmt":"2025-01-12T01:06:36","guid":{"rendered":"https:\/\/patroniymolina.com\/?page_id=22"},"modified":"2025-01-15T01:07:06","modified_gmt":"2025-01-15T01:07:06","slug":"servicios","status":"publish","type":"page","link":"https:\/\/patroniymolina.com\/?page_id=22","title":{"rendered":"Servicios"},"content":{"rendered":"\n<div class=\"wp-block-group alignfull has-background has-global-padding is-layout-constrained wp-container-core-group-is-layout-301020a0 wp-block-group-is-layout-constrained\" style=\"background-color:#0c2457;padding-top:var(--wp--preset--spacing--50);padding-right:var(--wp--preset--spacing--50);padding-bottom:var(--wp--preset--spacing--50);padding-left:var(--wp--preset--spacing--50)\">\n<h2 class=\"wp-block-heading has-text-align-center has-poppins-font-family has-xx-large-font-size\"><strong><mark style=\"background-color:rgba(0, 0, 0, 0);color:#fc5f00\" class=\"has-inline-color\">Nuestros Servicios<\/mark><\/strong><\/h2>\n<\/div>\n\n\n\n<div class=\"wp-block-columns alignwide is-layout-flex wp-container-core-columns-is-layout-d2da2050 wp-block-columns-is-layout-flex\" style=\"margin-bottom:0\">\n<div class=\"wp-block-column has-base-2-background-color has-text-color has-background has-link-color wp-elements-970c8d26b53da199e1144d940a124840 is-layout-flow wp-block-column-is-layout-flow\" style=\"color:#000000;padding-top:2em;padding-right:2em;padding-bottom:2em;padding-left:2em\">\n<h2 class=\"wp-block-heading has-text-align-center has-poppins-font-family has-large-font-size\" id=\"single\"><strong><strong>Mantenimiento<\/strong><\/strong><\/h2>\n\n\n\n<p class=\"has-normal-font-size\" style=\"line-height:1.5\"><strong>Optimizamos el funcionamiento de tus instalaciones con servicios preventivos y correctivos dise\u00f1ados para empresas.<\/strong><\/p>\n\n\n\n<hr class=\"wp-block-separator has-text-color has-css-opacity has-background is-style-wide\" style=\"background-color:#000000;color:#000000\"\/>\n\n\n\n<ul class=\"wp-block-list has-normal-font-size\">\n<li>Inspecci\u00f3n y reparaci\u00f3n de equipos e instalaciones.<\/li>\n\n\n\n<li>Planificaci\u00f3n de mantenimiento para minimizar interrupciones.<\/li>\n\n\n\n<li>Atenci\u00f3n r\u00e1pida para resolver emergencias operativas.<\/li>\n<\/ul>\n<\/div>\n\n\n\n<div class=\"wp-block-column has-base-2-background-color has-text-color has-background has-link-color wp-elements-ab6a21ab48586e009cf2c837dad1352b is-layout-flow wp-block-column-is-layout-flow\" style=\"color:#000000;padding-top:2em;padding-right:2em;padding-bottom:2em;padding-left:2em\">\n<h2 class=\"wp-block-heading has-text-align-center has-poppins-font-family has-large-font-size\" id=\"family\"><strong><strong>Electricidad<\/strong><\/strong><\/h2>\n\n\n\n<p class=\"has-normal-font-size\" style=\"line-height:1.5\"><strong>Brindamos soluciones el\u00e9ctricas seguras y personalizadas para empresas, garantizando eficiencia y confiabilidad.<\/strong><\/p>\n\n\n\n<hr class=\"wp-block-separator has-css-opacity is-style-wide\"\/>\n\n\n\n<ul class=\"wp-block-list has-normal-font-size\">\n<li>Instalaciones y reparaciones de sistemas el\u00e9ctricos<\/li>\n\n\n\n<li>Diagn\u00f3sticos y soluciones para iluminaci\u00f3n industrial y comercial.<\/li>\n\n\n\n<li>Implementaci\u00f3n de tecnolog\u00edas modernas para mayor eficiencia energ\u00e9tica.<\/li>\n<\/ul>\n<\/div>\n\n\n\n<div class=\"wp-block-column has-base-2-background-color has-text-color has-background has-link-color wp-elements-03a3b3fa5d4ef68e7ee2ea5d3080bd5a is-layout-flow wp-block-column-is-layout-flow\" style=\"color:#000000;padding-top:2em;padding-right:2em;padding-bottom:2em;padding-left:2em\">\n<h2 class=\"wp-block-heading has-text-align-center has-poppins-font-family has-large-font-size\" id=\"patron\"><strong><strong>Pintura<\/strong><\/strong><\/h2>\n\n\n\n<p class=\"has-normal-font-size\"><strong>Mejoramos la est\u00e9tica y funcionalidad de tus espacios empresariales con servicios de pintura profesional.<\/strong><\/p>\n\n\n\n<hr class=\"wp-block-separator has-css-opacity is-style-wide\"\/>\n\n\n\n<ul class=\"wp-block-list has-normal-font-size\">\n<li>Pintura decorativa e industrial con acabados de alta calidad.<\/li>\n\n\n\n<li>Impermeabilizaci\u00f3n y mantenimiento de fachadas.<\/li>\n\n\n\n<li>Transformaci\u00f3n de espacios para reflejar una imagen profesional.<\/li>\n<\/ul>\n<\/div>\n<\/div>\n","protected":false},"excerpt":{"rendered":"<p>Nuestros Servicios Mantenimiento Optimizamos el funcionamiento de tus instalaciones con servicios preventivos y correctivos dise\u00f1ados para empresas. Electricidad Brindamos soluciones el\u00e9ctricas seguras y personalizadas para empresas, garantizando eficiencia y confiabilidad. Pintura Mejoramos la est\u00e9tica y funcionalidad de tus espacios empresariales con servicios de pintura profesional.<\/p>\n","protected":false},"author":1,"featured_media":0,"parent":0,"menu_order":0,"comment_status":"closed","ping_status":"closed","template":"","meta":{"footnotes":""},"class_list":["post-22","page","type-page","status-publish","hentry"],"_links":{"self":[{"href":"https:\/\/patroniymolina.com\/index.php?rest_route=\/wp\/v2\/pages\/22","targetHints":{"allow":["GET"]}}],"collection":[{"href":"https:\/\/patroniymolina.com\/index.php?rest_route=\/wp\/v2\/pages"}],"about":[{"href":"https:\/\/patroniymolina.com\/index.php?rest_route=\/wp\/v2\/types\/page"}],"author":[{"embeddable":true,"href":"https:\/\/patroniymolina.com\/index.php?rest_route=\/wp\/v2\/users\/1"}],"replies":[{"embeddable":true,"href":"https:\/\/patroniymolina.com\/index.php?rest_route=%2Fwp%2Fv2%2Fcomments&post=22"}],"version-history":[{"count":5,"href":"https:\/\/patroniymolina.com\/index.php?rest_route=\/wp\/v2\/pages\/22\/revisions"}],"predecessor-version":[{"id":241,"href":"https:\/\/patroniymolina.com\/index.php?rest_route=\/wp\/v2\/pages\/22\/revisions\/241"}],"wp:attachment":[{"href":"https:\/\/patroniymolina.com\/index.php?rest_route=%2Fwp%2Fv2%2Fmedia&parent=22"}],"curies":[{"name":"wp","href":"https:\/\/api.w.org\/{rel}","templated":true}]}}