{"id":282,"date":"2025-08-11T16:51:13","date_gmt":"2025-08-11T16:51:13","guid":{"rendered":"https:\/\/patroniymolina.com\/?page_id=282"},"modified":"2025-08-11T17:07:52","modified_gmt":"2025-08-11T17:07:52","slug":"valores","status":"publish","type":"page","link":"https:\/\/patroniymolina.com\/?page_id=282","title":{"rendered":"Valores"},"content":{"rendered":"\n<div class=\"wp-block-group alignfull has-background has-global-padding is-layout-constrained wp-container-core-group-is-layout-301020a0 wp-block-group-is-layout-constrained\" style=\"background-color:#0c2457;padding-top:var(--wp--preset--spacing--50);padding-right:var(--wp--preset--spacing--50);padding-bottom:var(--wp--preset--spacing--50);padding-left:var(--wp--preset--spacing--50)\">\n<h2 class=\"wp-block-heading has-text-align-center has-poppins-font-family has-xx-large-font-size\"><strong><mark style=\"background-color:rgba(0, 0, 0, 0);color:#fc5f00\" class=\"has-inline-color\">Valores Empresariales<\/mark><\/strong><\/h2>\n<\/div>\n\n\n\n<div class=\"wp-block-columns alignwide is-layout-flex wp-container-core-columns-is-layout-d2da2050 wp-block-columns-is-layout-flex\" style=\"margin-bottom:0\">\n<div class=\"wp-block-column has-base-2-background-color has-text-color has-background has-link-color wp-elements-b33f18c00246648aadb91f4ebd8abc9f is-layout-flow wp-block-column-is-layout-flow\" style=\"color:#000000;padding-top:2em;padding-right:2em;padding-bottom:2em;padding-left:2em\">\n<h2 class=\"wp-block-heading has-text-align-center has-poppins-font-family has-large-font-size\" id=\"single\"><strong><strong>Calidad<\/strong><\/strong><\/h2>\n\n\n\n<hr class=\"wp-block-separator has-text-color has-css-opacity has-background is-style-wide\" style=\"background-color:#000000;color:#000000\"\/>\n\n\n\n<p class=\"has-text-align-left\">La calidad de nuestro trabajo no solo se debe de medir por el esfuerzo invertido, sino tambi\u00e9n por la atenci\u00f3n al detalle, la precisi\u00f3n y el compromiso con los est\u00e1ndares m\u00e1s altos. Nuestro trabajo refleja dedicaci\u00f3n, profesionalismo y el deseo de superar expectativas, mostrando que cada paso fue tomado con cuidado y responsabilidad.<\/p>\n<\/div>\n\n\n\n<div class=\"wp-block-column has-base-2-background-color has-text-color has-background has-link-color wp-elements-b39cf633b24318971ea52e3bb3d515cb is-layout-flow wp-block-column-is-layout-flow\" style=\"color:#000000;padding-top:2em;padding-right:2em;padding-bottom:2em;padding-left:2em\">\n<h2 class=\"wp-block-heading has-text-align-center has-poppins-font-family has-large-font-size\" id=\"family\"><strong><strong>Transparencia<\/strong><\/strong><\/h2>\n\n\n\n<hr class=\"wp-block-separator has-css-opacity is-style-wide\"\/>\n\n\n\n<p>La transparencia en nuestro trabajo es fundamental porque genera confianza, promueve la honestidad y permite una comunicaci\u00f3n clara. Ser transparente para nosotros implica compartir los avances, comunicaci\u00f3n clara, y tambien reconocer los desaf\u00edos y errores. Esto nos permite mejorar continuamente y construir relaciones basadas en el respeto y la integridad.<\/p>\n<\/div>\n\n\n\n<div class=\"wp-block-column has-base-2-background-color has-text-color has-background has-link-color wp-elements-56e9dec4ff1bae283e54c13cbe1bf2af is-layout-flow wp-block-column-is-layout-flow\" style=\"color:#000000;padding-top:2em;padding-right:2em;padding-bottom:2em;padding-left:2em\">\n<h2 class=\"wp-block-heading has-text-align-center has-poppins-font-family has-large-font-size\" id=\"patron\"><strong><strong>Responsabilidad<\/strong><\/strong><\/h2>\n\n\n\n<hr class=\"wp-block-separator has-css-opacity is-style-wide\"\/>\n\n\n\n<p>Asumir el compromiso de cumplir con nuestras tareas de manera eficiente, respetando los plazos y manteniendo altos est\u00e1ndares de calidad. Es saber que nuestras acciones tienen un impacto y que, al ser responsables, contribuimos al \u00e9xito colectivo y al desarrollo personal.<\/p>\n<\/div>\n<\/div>\n","protected":false},"excerpt":{"rendered":"<p>Valores Empresariales Calidad La calidad de nuestro trabajo no solo se debe de medir por el esfuerzo invertido, sino tambi\u00e9n por la atenci\u00f3n al detalle, la precisi\u00f3n y el compromiso con los est\u00e1ndares m\u00e1s altos. Nuestro trabajo refleja dedicaci\u00f3n, profesionalismo y el deseo de superar expectativas, mostrando que cada paso fue tomado con cuidado y [&hellip;]<\/p>\n","protected":false},"author":1,"featured_media":0,"parent":0,"menu_order":0,"comment_status":"closed","ping_status":"closed","template":"","meta":{"footnotes":""},"class_list":["post-282","page","type-page","status-publish","hentry"],"_links":{"self":[{"href":"https:\/\/patroniymolina.com\/index.php?rest_route=\/wp\/v2\/pages\/282","targetHints":{"allow":["GET"]}}],"collection":[{"href":"https:\/\/patroniymolina.com\/index.php?rest_route=\/wp\/v2\/pages"}],"about":[{"href":"https:\/\/patroniymolina.com\/index.php?rest_route=\/wp\/v2\/types\/page"}],"author":[{"embeddable":true,"href":"https:\/\/patroniymolina.com\/index.php?rest_route=\/wp\/v2\/users\/1"}],"replies":[{"embeddable":true,"href":"https:\/\/patroniymolina.com\/index.php?rest_route=%2Fwp%2Fv2%2Fcomments&post=282"}],"version-history":[{"count":5,"href":"https:\/\/patroniymolina.com\/index.php?rest_route=\/wp\/v2\/pages\/282\/revisions"}],"predecessor-version":[{"id":292,"href":"https:\/\/patroniymolina.com\/index.php?rest_route=\/wp\/v2\/pages\/282\/revisions\/292"}],"wp:attachment":[{"href":"https:\/\/patroniymolina.com\/index.php?rest_route=%2Fwp%2Fv2%2Fmedia&parent=282"}],"curies":[{"name":"wp","href":"https:\/\/api.w.org\/{rel}","templated":true}]}}